{"id":94,"date":"2015-02-23T13:23:32","date_gmt":"2015-02-23T12:23:32","guid":{"rendered":"http:\/\/elenajamart.com\/?page_id=94"},"modified":"2016-01-14T16:55:24","modified_gmt":"2016-01-14T15:55:24","slug":"contacto","status":"publish","type":"page","link":"https:\/\/elenajamart.com\/?page_id=94","title":{"rendered":"CONTACTO"},"content":{"rendered":"<div style=\"float: left; width: 45%; vertical-align: top;\">\n<p><strong>EMAIL:<\/strong><br \/>\ncontacto@elenajamart.com<br \/>\ngrafico@vincelledigital.com<\/p>\n<p><strong>TEL\u00c9FONO Y FAX:<\/strong><br \/>\n985 113 995<br \/>\n<br \/>\nTambi\u00e9n puede utlizar el siguiente formulario para ponerse en contacto con nosotros; le responderemos r\u00e1pidamente.\n<\/div>\n<div style=\"float: right; width: 45%; text-align: right;\">\n \n<div class=\"wpcf7 no-js\" id=\"wpcf7-f185-o1\" lang=\"es-ES\" dir=\"ltr\" data-wpcf7-id=\"185\">\n<div class=\"screen-reader-response\"><p role=\"status\" aria-live=\"polite\" aria-atomic=\"true\"><\/p> <ul><\/ul><\/div>\n<form action=\"\/index.php?rest_route=%2Fwp%2Fv2%2Fpages%2F94#wpcf7-f185-o1\" method=\"post\" class=\"wpcf7-form init\" aria-label=\"Formulario de contacto\" novalidate=\"novalidate\" data-status=\"init\">\n<fieldset class=\"hidden-fields-container\"><input type=\"hidden\" name=\"_wpcf7\" value=\"185\" \/><input type=\"hidden\" name=\"_wpcf7_version\" value=\"6.1.5\" \/><input type=\"hidden\" name=\"_wpcf7_locale\" value=\"es_ES\" \/><input type=\"hidden\" name=\"_wpcf7_unit_tag\" value=\"wpcf7-f185-o1\" \/><input type=\"hidden\" name=\"_wpcf7_container_post\" value=\"0\" \/><input type=\"hidden\" name=\"_wpcf7_posted_data_hash\" value=\"\" \/><input type=\"hidden\" name=\"_wpcf7_recaptcha_response\" value=\"\" \/>\n<\/fieldset>\n<p>Nombre (requerido)\n<\/p>\n<p><span class=\"wpcf7-form-control-wrap\" data-name=\"your-name\"><input size=\"40\" maxlength=\"400\" class=\"wpcf7-form-control wpcf7-text wpcf7-validates-as-required\" aria-required=\"true\" aria-invalid=\"false\" value=\"\" type=\"text\" name=\"your-name\" \/><\/span>\n<\/p>\n<p>Correo electr\u00f3nico (requerido)\n<\/p>\n<p><span class=\"wpcf7-form-control-wrap\" data-name=\"your-email\"><input size=\"40\" maxlength=\"400\" class=\"wpcf7-form-control wpcf7-email wpcf7-validates-as-required wpcf7-text wpcf7-validates-as-email\" aria-required=\"true\" aria-invalid=\"false\" value=\"\" type=\"email\" name=\"your-email\" \/><\/span>\n<\/p>\n<p>Asunto\n<\/p>\n<p><span class=\"wpcf7-form-control-wrap\" data-name=\"your-subject\"><input size=\"40\" maxlength=\"400\" class=\"wpcf7-form-control wpcf7-text\" aria-invalid=\"false\" value=\"\" type=\"text\" name=\"your-subject\" \/><\/span>\n<\/p>\n<p>Mensaje\n<\/p>\n<p><span class=\"wpcf7-form-control-wrap\" data-name=\"your-message\"><textarea cols=\"40\" rows=\"10\" maxlength=\"2000\" class=\"wpcf7-form-control wpcf7-textarea\" aria-invalid=\"false\" name=\"your-message\"><\/textarea><\/span>\n<\/p>\n<p>Acepto las condiciones de uso y <a href=\"http:\/\/vincelledigital.com\/lopd.html\" target=\"blank\" rel=\"nofollow\">pol\u00edtica de privacidad<\/a>\n<\/p>\n<p><span class=\"wpcf7-form-control-wrap\" data-name=\"acceptance-235\"><span class=\"wpcf7-form-control wpcf7-acceptance\"><span class=\"wpcf7-list-item\"><input type=\"checkbox\" name=\"acceptance-235\" value=\"1\" aria-invalid=\"false\" \/><\/span><\/span><\/span>\n<\/p>\n<p><input class=\"wpcf7-form-control wpcf7-submit has-spinner\" type=\"submit\" value=\"Enviar\" \/>\n<\/p><div class=\"wpcf7-response-output\" aria-hidden=\"true\"><\/div>\n<\/form>\n<\/div>\n\n<\/div>\n","protected":false},"excerpt":{"rendered":"<p>EMAIL: contacto@elenajamart.com grafico@vincelledigital.com TEL\u00c9FONO Y FAX: 985 113 995 Tambi\u00e9n puede utlizar el siguiente formulario para ponerse en contacto con nosotros; le responderemos r\u00e1pidamente.<\/p>\n","protected":false},"author":1,"featured_media":0,"parent":0,"menu_order":0,"comment_status":"closed","ping_status":"open","template":"","meta":{"footnotes":""},"class_list":["post-94","page","type-page","status-publish","hentry"],"_links":{"self":[{"href":"https:\/\/elenajamart.com\/index.php?rest_route=\/wp\/v2\/pages\/94","targetHints":{"allow":["GET"]}}],"collection":[{"href":"https:\/\/elenajamart.com\/index.php?rest_route=\/wp\/v2\/pages"}],"about":[{"href":"https:\/\/elenajamart.com\/index.php?rest_route=\/wp\/v2\/types\/page"}],"author":[{"embeddable":true,"href":"https:\/\/elenajamart.com\/index.php?rest_route=\/wp\/v2\/users\/1"}],"replies":[{"embeddable":true,"href":"https:\/\/elenajamart.com\/index.php?rest_route=%2Fwp%2Fv2%2Fcomments&post=94"}],"version-history":[{"count":8,"href":"https:\/\/elenajamart.com\/index.php?rest_route=\/wp\/v2\/pages\/94\/revisions"}],"predecessor-version":[{"id":188,"href":"https:\/\/elenajamart.com\/index.php?rest_route=\/wp\/v2\/pages\/94\/revisions\/188"}],"wp:attachment":[{"href":"https:\/\/elenajamart.com\/index.php?rest_route=%2Fwp%2Fv2%2Fmedia&parent=94"}],"curies":[{"name":"wp","href":"https:\/\/api.w.org\/{rel}","templated":true}]}}