{"id":1338,"date":"2022-06-20T11:02:05","date_gmt":"2022-06-20T10:02:05","guid":{"rendered":"https:\/\/gradastudio.com\/gokha\/?page_id=50"},"modified":"2022-06-20T11:02:07","modified_gmt":"2022-06-20T10:02:07","slug":"refund_returns","status":"publish","type":"page","link":"https:\/\/elenajamart.com\/?page_id=1338","title":{"rendered":"Aviso Legal, condiciones de uso"},"content":{"rendered":"\n<p>Le rogamos lea con atenci\u00f3n este apartado que contiene el AVISO LEGAL Y LAS CONDICIONES DE USO que regulan el acceso, navegaci\u00f3n y uso de la web de Vicente Iglesias \u00c1lvarez, en adelante VINCELLE, ubicada en la URL www.vincelledigital.com en adelante, el \u201cSitio Web\u201d. El acceso, navegaci\u00f3n y utilizaci\u00f3n de esta p\u00e1gina web implica por su parte la aceptaci\u00f3n expresa y sin reservas de todos los t\u00e9rminos del presente Aviso Legal, teniendo la misma validez y eficacia que cualquier contrato celebrado por escrito y firmado. Su observancia y cumplimiento ser\u00e1 exigible respecto de cualquier persona que acceda, navegue o utilice el Sitio Web. Si Ud. no est\u00e1 de acuerdo con los t\u00e9rminos expuestos, no acceda, navegue o utilice este Sitio Web.<br><br><strong>I) DATOS DE LA EMPRESA<br><\/strong>Vicente Iglesias \u00c1lvarez (VINCELLE) es una sociedad con CIF 09389648J y con domicilio en C\/ Dr. Melquiades Cabal, 2 \u2013 33011 Oviedo (Asturias) &#8211; Para, simplemente, comunicarse con VINCELLE, deber\u00e1 dirigirse a la direcci\u00f3n de correo electr\u00f3nico clientes@vincelledigital.com<br><br><strong>II) OBJETO Y \u00c1MBITO DE APLICACI\u00d3N<br><\/strong>2.1. Las presentes Condiciones regulan el acceso a los contenidos y todos los servicios y productos ofrecidos por VINCELLE a trav\u00e9s de su Sitio Web, as\u00ed como la utilizaci\u00f3n de los mismos por parte de los usuarios.<br>No obstante, VINCELLE se reserva el derecho a modificar la presentaci\u00f3n, configuraci\u00f3n y contenido del Sitio Web, as\u00ed como tambi\u00e9n las condiciones requeridas para su acceso y\/o utilizaci\u00f3n. El acceso y utilizaci\u00f3n de los contenidos y servicios tras la entrada en vigor de sus modificaciones o los cambios en las condiciones suponen la aceptaci\u00f3n de las mismas.<br>2.2. Sin perjuicio de lo anterior, el acceso a determinados contenidos y la utilizaci\u00f3n de determinados servicios pueden encontrarse sometidos a determinadas condiciones particulares que, seg\u00fan los casos, sustituir\u00e1n, completar\u00e1n y\/o modificar\u00e1n las presentes condiciones de uso y, en caso de contradicci\u00f3n, prevalecer\u00e1n los t\u00e9rminos de las condiciones particulares sobre las condiciones generales.<br>Antes de utilizar, reservar y\/o contratar dichos productos o servicios espec\u00edficos ofertados por VINCELLE, el Usuario deber\u00e1 leer atentamente las condiciones particulares creadas, en su caso, a tal efecto por VINCELLE La utilizaci\u00f3n, reserva y\/o la contrataci\u00f3n de dichos productos o servicios espec\u00edficos, implica la aceptaci\u00f3n de las condiciones particulares que los regulen en la versi\u00f3n publicada por VINCELLE en el momento en que se produzca dicha utilizaci\u00f3n, reserva y\/o contrataci\u00f3n. 2.3. El acceso, navegaci\u00f3n y uso del Sitio Web conlleva y supone la aceptaci\u00f3n por el Usuario del presente Aviso Legal y las Condiciones de Uso que incluye. En este sentido, se entender\u00e1 por Usuario a la persona que acceda, navegue, utilice o participe en los servicios y actividades, gratuitas u onerosas, desarrolladas en el Sitio Web.<br><br><strong>III) ACCESO<br><\/strong>3.1. El acceso a los contenidos y la utilizaci\u00f3n de los servicios proporcionados por www.vincelledigital.com tiene car\u00e1cter gratuito, si bien alguno de los servicios y contenidos ofrecidos por VINCELLE a terceros a trav\u00e9s del Sitio Web pueden estar sujetos a su contrataci\u00f3n previa y al pago de una cantidad, lo cual se especificar\u00e1 en sus propias condiciones de contrataci\u00f3n.<br>3.2. Queda prohibido el acceso al Sitio Web por parte de menores de edad, salvo que cuenten con la autorizaci\u00f3n previa y expresa de sus padres, tutores o representantes legales, los cuales ser\u00e1n considerados como responsables de los actos que lleven a cabo los menores a su cargo, conforme a la normativa vigente. En todo caso, se presumir\u00e1 que el acceso realizado por un menor al Sitio Web se ha realizado con autorizaci\u00f3n previa y expresa de sus padres, tutores o representantes legales.<br>3.3. El acceso y navegaci\u00f3n a trav\u00e9s del Sitio Web no requiere registro, sin embargo, para acceder a la reserva y\/o contrataci\u00f3n de determinados productos y\/o servicios podr\u00e1 requerir el alta previa de este Sitio Web mediante la selecci\u00f3n por parte del Usuario, de identificador y contrase\u00f1a.<br>La contrase\u00f1a, personal e intransferible, deber\u00e1 ser generada por el Usuario de acuerdo a las reglas de robustez y complejidad que se establezcan en cada momento por VINCELLE La contrase\u00f1a creada por el Usuario tendr\u00e1 una validez temporal ilimitada.<br>Si el usuario selecciona una contrase\u00f1a que no cumpla con los requisitos m\u00ednimos conforme a la Pol\u00edtica de Contrase\u00f1as aprobada y vigente en VINCELLE el usuario ser\u00e1 avisado de este incumplimiento y de los condicionamientos que deben reunir dicha contrase\u00f1a para una efectiva validez al alta del interesado en el Registro de Usuarios de VINCELLE No obstante, el Sitio Web dispone de las funcionalidades necesarias para que el Usuario pueda cambiar su contrase\u00f1a cuando lo considere oportuno, por ejemplo, porque sospeche o constante que se haya producido la quiebra de la confidencialidad de la contrase\u00f1a.<br>3.4. La contrase\u00f1a tendr\u00e1 car\u00e1cter personal e intransferible. El Usuario se compromete a hacer un uso diligente de su contrase\u00f1a y mantenerla en secreto, no transmiti\u00e9ndola a ning\u00fan tercero y tampoco a la propia VINCELLE En consecuencia, los Usuarios son responsables de la adecuada custodia y confidencialidad de cualesquiera identificadores y\/o contrase\u00f1as que hayan seleccionado como Usuarios registrados de VINCELLE, y se comprometen a no ceder su uso a terceros, ya sea temporal o permanente, ni permitir su acceso a personas ajenas. Ser\u00e1 responsabilidad del Usuario la utilizaci\u00f3n il\u00edcita del Sitio Web por cualquier tercero ileg\u00edtimo, que emplee a tal efecto una contrase\u00f1a a causa de una utilizaci\u00f3n no diligente o de la p\u00e9rdida de la misma por el Usuario. En virtud de lo anterior, es obligaci\u00f3n del Usuario notificar de forma inmediata a los gestores del Sitio Web acerca de cualquier hecho que permita el uso indebido de los identificadores y\/o contrase\u00f1as, tales como el robo, extrav\u00edo, o el acceso no autorizado a los mismos, con el fin de proceder a su inmediata cancelaci\u00f3n. Mientras no se comuniquen tales hechos, VINCELLE quedar\u00e1 eximida de cualquier responsabilidad que pudiera derivarse del uso indebido de los identificadores o contrase\u00f1as por terceros no autorizados.<br><br><strong>IV) DERECHOS DE PROPIEDAD INTELECTUAL E INDUSTRIAL.<br><\/strong>El presente Sitio Web se rige por las leyes espa\u00f1olas y por la legislaci\u00f3n nacional e internacional sobre propiedad intelectual e industrial. En ning\u00fan caso se entender\u00e1 que el acceso y navegaci\u00f3n del Usuario por el Sitio Web o la utilizaci\u00f3n, adquisici\u00f3n y\/o contrataci\u00f3n de productos o servicios ofertados a trav\u00e9s del Sitio Web, implique una renuncia, transmisi\u00f3n, licencia o cesi\u00f3n total ni parcial de dichos derechos por parte de VINCELLE El Usuario dispone de un derecho de uso estrictamente privado, exclusivamente con la finalidad de disfrutar de las prestaciones del servicio de acuerdo con estas Condiciones Generales.<br>Las referencias a nombres y marcas comerciales o registradas, logotipos u otros signos distintivos, ya sean titularidad de VINCELLE o de terceras empresas, llevan impl\u00edcitas la prohibici\u00f3n sobre su uso sin el consentimiento de VINCELLE o de sus leg\u00edtimos propietarios. En ning\u00fan momento, salvo manifestaci\u00f3n expresa, el acceso o uso del Sitio Web y\/o de sus contenidos y\/o servicios, confiere al Usuario derecho alguno sobre las marcas, logotipos y\/o signos distintivos en \u00e9l incluidos protegidos por Ley. Quedan reservados todos los derechos de Propiedad Intelectual e Industrial sobre los contenidos y\/o servicios y, en particular, queda prohibido modificar, copiar, reproducir, comunicar p\u00fablicamente, transformar o distribuir de cualquier forma la totalidad o parte de los contenidos y\/o servicio incluidos en el Sitio Web, para prop\u00f3sitos p\u00fablicos o comerciales, si no se cuenta con la autorizaci\u00f3n previa, expresa y por escrito de VINCELLE o, en su caso, del titular de los derechos correspondientes.<br><br><strong>V) UTILIZACI\u00d3N DEL SITIO WEB.<br><\/strong>El Usuario se compromete a utilizar el Sitio Web de conformidad con la ley y con las presentes Condiciones Generales. El Usuario se obliga asimismo a abstenerse de utilizar el Sitio Web con fines o efectos il\u00edcitos o contrarios a lo establecido en las Condiciones Generales. Al utilizar los servicios, el Usuario manifiesta su conformidad con estas Condiciones Generales, comprometi\u00e9ndose a no transmitir, difundir o poner a disposici\u00f3n de terceros a trav\u00e9s de los servicios proporcionados por VINCELLE cualquier clase de material que de cualquier forma contravenga la legislaci\u00f3n vigente.<br><br><strong>VI) LICENCIA SOBRE LAS COMUNICACIONES.<br><\/strong>6.1 .En el caso de que el Usuario env\u00ede informaci\u00f3n de cualquier tipo a VINCELLE a trav\u00e9s del Sitio Web, mediante los canales dispuestos a tal fin en el propio Sitio Web, el Usuario declara, garantiza y acepta que tiene derecho a hacerlo libremente, que dicha informaci\u00f3n no infringe ning\u00fan derecho de propiedad intelectual, de marca, de patente, secreto comercial, o cualquier otro derecho de tercero, que dicha informaci\u00f3n no tiene car\u00e1cter confidencial y que dicha informaci\u00f3n no es perjudicial para terceros.<br>6.2. El Usuario reconoce asumir la responsabilidad y dejar\u00e1 indemne a VINCELLE por cualquier comunicaci\u00f3n que suministre personalmente o a su nombre, alcanzando dicha responsabilidad sin restricci\u00f3n alguna la exactitud, legalidad, originalidad y titularidad de la misma.<br><br><strong>VII) RESPONSABILIDADES Y GARANT\u00cdAS.<br><\/strong>VINCELLE no puede garantizar la fiabilidad, utilidad o veracidad de los servicios o de la informaci\u00f3n que se preste a trav\u00e9s del Sitio Web, ni tampoco de la utilidad o veracidad de la documentaci\u00f3n de los eventos que pueden ser adquiriros a trav\u00e9s del Sitio Web, preparada por profesionales de muy diversos sectores. En consecuencia, VINCELLE no garantiza ni se hace responsable de:<br>(1) la continuidad de los contenidos del Sitio Web;<br>(2) la ausencia de errores en dichos contenidos o productos;<br>(3) la ausencia de virus y\/o dem\u00e1s componentes da\u00f1inos en el Sitio Web o en el servidor que lo suministra;<br>(4) la invulnerabilidad del Sitio Web y\/o la inexpugnabilidad de las medidas de seguridad que se adopten en el mismo;<br>(5) la falta de utilidad o rendimiento de los contenidos y productos del Sitio Web;<br>(6) los da\u00f1os o perjuicios que cause, a s\u00ed mismo o a un tercero, cualquier persona que infringiera las condiciones, normas e instrucciones que VINCELLE establece en el Sitio Web o a trav\u00e9s de la vulneraci\u00f3n de los sistemas de seguridad del Sitio Web. Ello no obstante, VINCELLE declara que ha adoptado todas las medidas necesarias, dentro de sus posibilidades y del estado de la tecnolog\u00eda, para garantizar el funcionamiento del Sitio Web y evitar la existencia y transmisi\u00f3n de virus y dem\u00e1s componentes da\u00f1inos a los Usuarios. Si el Usuario tuviera conocimiento de la existencia de alg\u00fan contenido il\u00edcito, ilegal, contrario a las leyes o que pudiera suponer una infracci\u00f3n de derechos de propiedad intelectual y\/o industrial, deber\u00e1 notificarlo inmediatamente a VINCELLE para que \u00e9sta pueda proceder a la adopci\u00f3n de las medidas oportunas.<br><br><strong>VIII) ENLACES.<br><\/strong>8.1 Enlaces a otras p\u00e1ginas Web.<br>En caso de que en el Sitio Web el Usuario pudiera encontrar enlaces a otras p\u00e1ginas Web mediante diferentes botones, links, banners, etc., \u00e9stos ser\u00edan gestionados por terceros. VINCELLE no tiene facultad ni medios humanos ni t\u00e9cnicos para conocer, controlar ni aprobar toda la informaci\u00f3n, contenidos, productos o servicios facilitados por otros sitios Web a los que se puedan establecer enlaces desde el Sitio Web. En consecuencia, VINCELLE no podr\u00e1 asumir ning\u00fan tipo de responsabilidad por cualquier aspecto relativo a la p\u00e1gina Web a la que se pudiera establecer un enlace desde el Sitio Web, en concreto, a t\u00edtulo enunciativo y no taxativo, sobre su funcionamiento, acceso, datos, informaci\u00f3n, archivos, calidad y fiabilidad de sus productos y servicios, sus propios enlaces y\/o cualquiera de sus contenidos, en general. En este sentido, si los Usuarios tuvieran conocimiento efectivo de la ilicitud de actividades desarrolladas a trav\u00e9s de estas p\u00e1ginas Web de terceros, deber\u00e1n comunicarlo inmediatamente a VINCELLE a los efectos de que se proceda a deshabilitar el enlace de acceso a la misma. El establecimiento de cualquier tipo de enlace desde el Sitio Web a otro sitio web ajeno no implicar\u00e1 que exista alg\u00fan tipo de relaci\u00f3n, colaboraci\u00f3n o dependencia entre VINCELLE y el responsable del Sitio Web ajeno.<br>8.2 Enlaces en otras p\u00e1ginas Web con destino al Sitio Web.<br>Si cualquier Usuario, entidad o Sitio Web deseara establecer alg\u00fan tipo de enlace con destino al Sitio Web deber\u00e1 atenerse a las siguientes estipulaciones: El enlace solamente se podr\u00e1 dirigir a la P\u00e1gina Principal o Home del Sitio Web, salvo autorizaci\u00f3n expresa y por escrito de VINCELLE El enlace debe ser absoluto y completo, es decir, debe llevar al Usuario, mediante un clic, a la propia direcci\u00f3n URL del Sitio Web y debe abarcar completamente toda la extensi\u00f3n de la pantalla de la P\u00e1gina Principal del Sitio Web. En ning\u00fan caso, salvo que VINCELLE lo autorice de manera expresa y por escrito, el Sitio Web que realiza el enlace podr\u00e1 reproducir, de cualquier manera, el Sitio Web, incluirlo como parte de su Web o dentro de uno de sus \u00abframes\u00bb o crear un \u00abbrowser\u00bb sobre cualquiera de las p\u00e1ginas del Sitio Web. En la p\u00e1gina que establece el enlace no se podr\u00e1 declarar de ninguna manera que VINCELLE ha autorizado tal enlace, salvo que VINCELLE lo haya hecho expresamente y por escrito. Si la entidad que realiza el enlace desde su p\u00e1gina al Sitio Web correctamente deseara incluir en su p\u00e1gina Web la marca, denominaci\u00f3n, nombre comercial, r\u00f3tulo, logotipo, slogan o cualquier otro tipo de elemento identificativo de VINCELLE y\/o de el Sitio Web, deber\u00e1 contar previamente con su autorizaci\u00f3n expresa y por escrito. VINCELLE no autoriza el establecimiento de un enlace al Sitio Web desde aquellas p\u00e1ginas Web que contengan materiales, informaci\u00f3n o contenidos il\u00edcitos, ilegales, degradantes, obscenos, y en general, que contravengan la moral, el orden p\u00fablico o las normas sociales generalmente aceptadas. VINCELLE no tiene facultad ni medios humanos y t\u00e9cnicos para conocer, controlar ni aprobar toda la informaci\u00f3n, contenidos, productos o servicios facilitados por otros sitios Web que tengan establecidos enlaces con destino al Sitio Web. VINCELLE no asume ning\u00fan tipo de responsabilidad por cualquier aspecto relativo al Sitio Web que establece ese enlace con destino al Sitio Web, en concreto, a t\u00edtulo enunciativo y no taxativo, sobre su funcionamiento, acceso, datos, informaci\u00f3n, archivos, calidad y fiabilidad de sus productos y servicios, sus propios enlaces y\/o cualquiera de sus contenidos, en general.<br><\/p>\n\n\n\n<h2 class=\"wp-block-heading\">POL\u00cdTICA DE PRIVACIDAD.<\/h2>\n\n\n\n<p>La Pol\u00edtica de privacidad de www.vincelledigital.com queda determinada por lo establecido en el documento POLITICA DE PROTECCI\u00d3N DE DATOS.<\/p>\n\n\n\n<p><strong>10.0 DURACI\u00d3N Y MODIFICACI\u00d3N.<br><\/strong>10.1. VINCELLE podr\u00e1 modificar los t\u00e9rminos y condiciones aqu\u00ed estipuladas, total o parcialmente, publicando cualquier cambio en la misma forma en que aparece este Aviso legal o a trav\u00e9s de cualquier tipo de comunicaci\u00f3n dirigida a los Usuarios.<br>10.2. La vigencia temporal de este Aviso legal coincide, por lo tanto, con el tiempo de su exposici\u00f3n, hasta que sean modificadas total o parcialmente, momento en el cual pasar\u00e1 a tener vigencia el Aviso legal modificado.<br>10.3. Con independencia de lo dispuesto en las condiciones particulares, VINCELLE podr\u00e1 dar por terminado, suspender o interrumpir, en cualquier momento sin necesidad de preaviso, el acceso a los contenidos de la p\u00e1gina, sin posibilidad por parte del Usuario de exigir indemnizaci\u00f3n alguna.<br>Pol\u00edtica de Protecci\u00f3n de Datos.<br>La presente POL\u00cdTICA DEPROTECCION DE DATOS es parte integrante del Aviso Legal de la Web. En cumplimiento de lo dispuesto en la Ley Org\u00e1nica 15\/1999 de 13 de Diciembre, de Protecci\u00f3n de Datos de Car\u00e1cter Personal, VINCELLE le comunica que:<br>1. Los datos personales facilitados por Usted a trav\u00e9s del presente Sitio Web de titularidad de VINCELLE, se incorporar\u00e1n a los ficheros de titularidad de VINCELLE, debidamente inscritos en el Registro General de Protecci\u00f3n de Datos. La finalidad de dichos ficheros es la gesti\u00f3n de los usuarios del Sitio Web, la gesti\u00f3n de los servicios ofrecidos a trav\u00e9s de dicho sitio y, en su caso, la gesti\u00f3n, desarrollo y cumplimiento de la relaci\u00f3n establecida entre VINCELLE y quienes aporten sus datos personales a trav\u00e9s del Sitio Web.<br>Igualmente, VINCELLE tratar\u00e1 los datos para gestionar las consultas que reciba a trav\u00e9s del Sitio Web por parte de los usuarios del mismo, tanto usuarios registrados, como usuarios no registrados, y realizar env\u00edos publicitarios y de informaci\u00f3n comercial, por diferentes medios, a los mismos, acerca de la empresa, sus actividades, concursos, productos, servicios, ofertas, promociones especiales, as\u00ed como documentaci\u00f3n de diversa naturaleza y por diferentes medios de informaci\u00f3n comercial de la empresa.<br><br>2. Asimismo, le informamos y mediante la aceptaci\u00f3n de la presente Pol\u00edtica de Privacidad usted consiente que sus datos personales puedan ser comunicados a empresas filiales, as\u00ed como a terceros colaboradores, con la finalidad de que \u00e9stos puedan efectuar, por diferentes medios, incluido el correo electr\u00f3nico, env\u00edos publicitarios y de informaci\u00f3n comercial, sobre productos y servicios relacionados con los sectores de actividad, afines a los ofrecidos por VINCELLE<br>3. Usted garantiza que los datos aportados son verdaderos, exactos, completos y actualizados, siendo responsable de cualquier da\u00f1o o perjuicio, directo o indirecto, que pudiera ocasionarse como consecuencia del incumplimiento de tal obligaci\u00f3n. En el caso de que los datos aportados pertenecieran a un tercero, Usted garantiza que ha informado a dicho tercero de los aspectos contenidos en este documento y obtenido su autorizaci\u00f3n para facilitar sus datos a VINCELLE para los fines se\u00f1alados.<br>4. Cuando los datos personales sean recabados a trav\u00e9s del formulario, ser\u00e1 necesario que Usted aporte, al menos, aquellos marcados con un asterisco, ya que, si no se suministraran estos datos considerados necesarios, VINCELLE no podr\u00e1 aceptar y gestionar el servicio Web o consulta formulada.<br>5. En respuesta a la preocupaci\u00f3n de VINCELLE por garantizar la seguridad y confidencialidad de sus datos, se han adoptado los niveles de seguridad requeridos de protecci\u00f3n de los datos personales y se han instalado los medios t\u00e9cnicos a su alcance para evitar la p\u00e9rdida, mal uso, alteraci\u00f3n, acceso no autorizado y robo de los datos personales facilitados a trav\u00e9s de www.vincelledigital.com<br>6. Para ejercitar sus derechos de acceso, rectificaci\u00f3n, cancelaci\u00f3n y oposici\u00f3n sobre sus datos, usted deber\u00e1 dirigirse por escrito a la siguiente direcci\u00f3n: VINCELLE con domicilio en C\/ Dr. Melquiades Cabal, 8 \u2013 33011 Oviedo (Asturias) &#8211; Para, simplemente, comunicarse con VINCELLE, podr\u00e1 dirigirse a la direcci\u00f3n de correo electr\u00f3nico clientes@vincelledigital.com<br>7. De conformidad con lo establecido en la Ley 34\/2002 de 11 de julio, de Servicios de la Sociedad de la Informaci\u00f3n y del Comercio Electr\u00f3nico, en el supuesto de que usted no desee recibir comunicaciones comerciales electr\u00f3nicas en el futuro, por parte de VINCELLE, podr\u00e1 manifestar tal deseo enviando un mail, con acuse de recibo, a la siguiente direcci\u00f3n de correo electr\u00f3nico: clientes@vincelledigital.com<\/p>\n\n\n\n<p><strong>C\/ Doctor Melquiades Cabal, 8 &#8211; 33011 Oviedo (ASTURIAS) &#8211; Tel\u00e9fono: (+34) 985 113 995 &#8211; E-mail: clientes@vincelledigital.com<\/strong><\/p>\n","protected":false},"excerpt":{"rendered":"<p>Le rogamos lea con atenci\u00f3n este apartado que contiene el AVISO LEGAL Y LAS CONDICIONES DE USO que regulan el acceso, navegaci\u00f3n y uso de la web de Vicente Iglesias \u00c1lvarez, en adelante VINCELLE, ubicada en la URL www.vincelledigital.com en adelante, el \u201cSitio Web\u201d. El acceso, navegaci\u00f3n y utilizaci\u00f3n de esta p\u00e1gina web implica por [&hellip;]<\/p>\n","protected":false},"author":1,"featured_media":0,"parent":0,"menu_order":0,"comment_status":"closed","ping_status":"closed","template":"","meta":{"footnotes":""},"class_list":["post-1338","page","type-page","status-publish","hentry"],"_links":{"self":[{"href":"https:\/\/elenajamart.com\/index.php?rest_route=\/wp\/v2\/pages\/1338","targetHints":{"allow":["GET"]}}],"collection":[{"href":"https:\/\/elenajamart.com\/index.php?rest_route=\/wp\/v2\/pages"}],"about":[{"href":"https:\/\/elenajamart.com\/index.php?rest_route=\/wp\/v2\/types\/page"}],"author":[{"embeddable":true,"href":"https:\/\/elenajamart.com\/index.php?rest_route=\/wp\/v2\/users\/1"}],"replies":[{"embeddable":true,"href":"https:\/\/elenajamart.com\/index.php?rest_route=%2Fwp%2Fv2%2Fcomments&post=1338"}],"version-history":[{"count":1,"href":"https:\/\/elenajamart.com\/index.php?rest_route=\/wp\/v2\/pages\/1338\/revisions"}],"predecessor-version":[{"id":1515,"href":"https:\/\/elenajamart.com\/index.php?rest_route=\/wp\/v2\/pages\/1338\/revisions\/1515"}],"wp:attachment":[{"href":"https:\/\/elenajamart.com\/index.php?rest_route=%2Fwp%2Fv2%2Fmedia&parent=1338"}],"curies":[{"name":"wp","href":"https:\/\/api.w.org\/{rel}","templated":true}]}}